{"id":113,"date":"2021-01-27T09:17:03","date_gmt":"2021-01-27T09:17:03","guid":{"rendered":"https:\/\/universitysocialteaching.uniurb.it\/?page_id=113"},"modified":"2021-07-30T16:53:21","modified_gmt":"2021-07-30T15:53:21","slug":"conclusioni-e-bibliografia","status":"publish","type":"page","link":"https:\/\/universitysocialteaching.uniurb.it\/index.php\/conclusioni-e-bibliografia\/","title":{"rendered":"Conclusioni e bibliografia"},"content":{"rendered":"\n<p id=\"h.p_Z5vnbHuKwNMz\">Questo periodo di emergenza ha costretto molti docenti a ricorrere alla didattica online con il vantaggio di aver prodotto un ricco pacchetto di corsi gi\u00e0 pronti e ben strutturati a beneficio dei non frequentanti e degli studenti \u2018fuoricorso\u2019.<\/p>\n\n\n\n<p id=\"h.p_-mP1oFcUBL1B\">I&nbsp;<a href=\"https:\/\/universitysocialteaching.uniurb.it\/index.php\/caricamento-di-materiali\/\"><strong>materiali caricati in piattaforma<\/strong><\/a>, le&nbsp;<a href=\"https:\/\/universitysocialteaching.uniurb.it\/index.php\/lezione-in-streaming\/\"><strong>registrazioni delle video-lezioni<\/strong><\/a>&nbsp;e delle&nbsp;<strong><a href=\"https:\/\/universitysocialteaching.uniurb.it\/index.php\/chat-testuale-video\/\">chat<\/a><\/strong> potranno essere efficacemente riutilizzati per recuperare gli studenti in ritardo con gli esami e fornire supporto a chi non potr\u00e0 frequentare.<\/p>\n\n\n\n<p id=\"h.p_qgN4Bj3WBShL\">Quando torneremo alla normalit\u00e0, questa esperienza probabilmente cambier\u00e0 anche il nostro stile di insegnamento. Grazie alle nuove abilit\u00e0 acquisite potremo affidarci con maggior serenit\u00e0 alla tecnologia, e potremo, con pi\u00f9 sicurezza e minor dispendio di tempo ed energie, arricchire le nostre lezioni in presenza con attivit\u00e0 parallele organizzate in piattaforma.<\/p>\n\n\n\n<p id=\"h.p_Nh6TmL-pwNs4\">Potremo risparmiare tempo prezioso offrendo&nbsp;<a href=\"https:\/\/universitysocialteaching.uniurb.it\/index.php\/glossario-e-bibliografia\/\"><strong>bibliografie e glossari<\/strong><\/a>&nbsp;gi\u00e0 strutturati o da costruire con la classe. Potremo raccogliere tesine e elaborati scritti in modo ordinato e secondo scadenze prestabilite (<a href=\"https:\/\/universitysocialteaching.uniurb.it\/index.php\/compiti\/\"><strong>Compiti<\/strong><\/a>,&nbsp;<a href=\"https:\/\/universitysocialteaching.uniurb.it\/index.php\/wiki\/\" data-type=\"URL\"><strong>Wiki<\/strong><\/a>,&nbsp;<a href=\"https:\/\/universitysocialteaching.uniurb.it\/index.php\/workshop\/\" data-type=\"URL\"><strong>Workshop<\/strong><\/a>). Potremo avere un feedback costante (<a href=\"https:\/\/universitysocialteaching.uniurb.it\/index.php\/quiz-e-sondaggi\/\"><strong>Sondaggi<\/strong><\/a>,&nbsp;<a href=\"https:\/\/universitysocialteaching.uniurb.it\/index.php\/forum\/\"><strong>Forum<\/strong><\/a>) dai nostri studenti e potremo aiutarli ad auto-valutarsi con quiz creati progressivamente e magari riutilizzabili nel tempo. Tutto questo senza rinunciare al contatto fisico, ai loro sguardi annoiati o interessati, alle loro espressioni intelligenti o buffe, alle loro battute, alla loro leggerezza e al loro impegno cos\u00ec preziosi per noi insegnanti.<\/p>\n\n\n\n<p><\/p>\n\n\n\n<h3 class=\"wp-block-heading\">Bibliografia<\/h3>\n\n\n\n<p id=\"h.p_DaBdZZLu42lW\">Balboni P. E., 2000,\u00a0<em>Le micro-lingue scientifico professionali,\u00a0<\/em>Torino, Utet Libreria.<\/p>\n\n\n\n<p id=\"h.p_k9BwT_yu45jj\">Calvani A., 2014,&nbsp;<em>Come fare una lezione efficace<\/em>, Roma, Faber Carocci.<\/p>\n\n\n\n<p id=\"h.p_4lTiTY1Y45jl\">Crouch C.H., Mazur E., 2001, \u201cPeer Instruction: Ten Years of Experience and Results.<em>&nbsp;American Journal of Physics<\/em>, 69(9), pp. 970-977.<\/p>\n\n\n\n<p id=\"h.p_VmwlerZP45jm\">De Kerckhove D., 1997,&nbsp;<em>Connected Intelligence: the arrival of the web society,&nbsp;<\/em>Toronto, Somerville House.<\/p>\n\n\n\n<p id=\"h.p_r5lrimMk45jm\">De Kerckhove D .,1993,&nbsp;<em>Brainframes. Mente, tecnologia, mercato,&nbsp;<\/em>Bologna, Baskerville.<\/p>\n\n\n\n<p id=\"h.p_fsWMt9xQ45jn\">Jewitt C., 2005, <em>Technology, literacy and learning: a multimodal approach<\/em>, London, Routledge.<\/p>\n\n\n\n<p id=\"h.p_X_R7pw6n45jo\">Jonassen D., Howland J., Marra R. M., 2013, <em>Meaningful Learning with Technology, <\/em>Boston, MA, Pearson New International Edition.<\/p>\n\n\n\n<p id=\"h.p_J7_R7W1b45jp\">Kaplan A. M., Haenlein M., 2016, \u201cHigher education and the digital revolution: About MOOCs, SPOCs, social media, and the Cookie Monster<em>\u201d<\/em>,\u00a0<em>Business Horizons<\/em>, 59.<\/p>\n\n\n\n<p id=\"h.p_xhysVd0-45jq\">Knowles M. S., (a cura di), 1984,\u00a0<em>Andragogy in action: applying modern principles of adult learning,\u00a0<\/em>San Francisco, Jossey-Bass.<\/p>\n\n\n\n<p id=\"h.p_L74ak6Eg45jr\">Krashen S.D., 1982,&nbsp;<em>Principles and Practice in Second Language Acquisition<\/em>, Oxford, Pergamon.<\/p>\n\n\n\n<p id=\"h.p_dJOAJtg845js\">Kress G., 2010, <em>Multimodality. A social semiotic approach to contemporary communication, <\/em>London, Routledge.<\/p>\n\n\n\n<p id=\"h.p_auckr-H445js\">L\u00e9vy P., 1998,\u00a0<em>Intelligenza collettiva. Per un\u2019antropologia del cyberspazio<\/em>, Milano, Feltrinelli (ed. orig. 1994).<\/p>\n\n\n\n<p id=\"h.p_E80rqz0_45jt\">Lopez-Perez M. V., Perez-Lopez M. C., Rodriguez-Ariza L., 2011, \u201cBlended learning in higher education: Students\u2019 perceptions and their relation to outcomes\u201d, <em>Computers and Education<\/em>, 56, 818\u2013826.<\/p>\n\n\n\n<p id=\"h.p_E80rqz0_45jt\">Sancassani S. et all., 2019, <em>Insegnare nel XXI secolo. Progettare Innovazione Didattica<\/em>, Milano, Pearson Italia.<\/p>\n\n\n\n<p id=\"h.p_bok6jwVJ45ju\">Sisti F., 2007, &#8220;Il computer come strumento di simulazione&#8221;,\u00a0<em>Studi di Glottodidattica,\u00a0<\/em>Vol. III, Universit\u00e0 di Bari.<\/p>\n\n\n\n<p id=\"h.p_OwknbRRB45jv\">Topping K. J., 2001,\u00a0<em>Peer assisted learning: A practical guide for teachers<\/em>, Cambridge MA, Brookline Books.<\/p>\n\n\n\n<p id=\"h.p_GaTs6uvx45jw\">Trentin G., 2008 , <em>La sostenibilit\u00e0 didattico-formativa dell&#8217;e-learning: social networking e apprendimento attivo<\/em>, Milano, Franco Angeli.<\/p>\n\n\n\n<p id=\"h.p_1oPuvcq-45jw\">Trentin G., 2005, &#8220;From \u2018formal\u2019 to \u2018informal\u2019 e-leaning through knowledge management and sharing&#8221;,&nbsp;<em>Journal of e-Learning and Knowledge Society,&nbsp;<\/em>1(2),209-217.<\/p>\n\n\n\n<p id=\"h.p_EKGbwBMw45jx\">Trentin G., 2001,\u00a0<em>Dalla formazione a distanza all&#8217;apprendimento in rete,\u00a0<\/em>Milano, Franco Angeli.<\/p>\n\n\n\n<p id=\"h.p_8T3_-qAK45jy\">Wenger E., 1998, <em>Communities of practice: learning, meaning and identity<\/em>, New York, C.U. P., tr. it. <em>Comunit\u00e0 di pratica. Apprendimento, significato e identit\u00e0<\/em>, Raffaello Cortina, Milano, 2006.<\/p>\n\n\n\n<p id=\"h.p_w5a9Ah3w45jz\">Zuosheng S., 2010, \u201cNew Teacher-Student Relationship Based On The Affective Filter Hypothesis\u201d,&nbsp;<em>Journal of Shandong Youth Administrative Cadres College<\/em>,&nbsp;<em>6<\/em>.<\/p>\n\n\n\n<p><\/p>\n\n\n\n<h3 class=\"wp-block-heading\" id=\"h.p_8GftBVRNEq6z\"><strong>Credits<\/strong><\/h3>\n\n\n\n<p id=\"h.p_JmfCCUAQEq60\">Testo di&nbsp;<a href=\"mailto:flora.sisti@uniurb.it\" target=\"_blank\" rel=\"noreferrer noopener\">Flora Sisti<\/a><\/p>\n\n\n\n<p id=\"h.p_lqcuZUPeEq61\">Realizzazione grafica di&nbsp;<a href=\"mailto:susanna.pigliapochi@uniurb.it\" target=\"_blank\" rel=\"noreferrer noopener\">Susanna Pigliapochi<\/a><\/p>\n\n\n\n<p id=\"h.p_o9S7x9W2Eq63\">Videotutorials di&nbsp;<a href=\"mailto:rosanna.castorina@uniurb.it\" target=\"_blank\" rel=\"noreferrer noopener\">Rosanna Castorina<\/a>&nbsp;e&nbsp;<a href=\"mailto:susanna.pigliapochi@uniurb.it\" target=\"_blank\" rel=\"noreferrer noopener\">Susanna Pigliapochi<\/a><\/p>\n","protected":false},"excerpt":{"rendered":"<p>Questo periodo di emergenza ha costretto molti docenti a ricorrere alla didattica online con il vantaggio di aver prodotto un ricco pacchetto di corsi gi\u00e0 pronti e ben strutturati a beneficio dei non frequentanti e degli studenti \u2018fuoricorso\u2019. I&nbsp;materiali caricati in piattaforma, le&nbsp;registrazioni delle video-lezioni&nbsp;e delle&nbsp;chat potranno essere efficacemente riutilizzati per recuperare gli studenti in&hellip;&nbsp;<a href=\"https:\/\/universitysocialteaching.uniurb.it\/index.php\/conclusioni-e-bibliografia\/\" class=\"\" rel=\"bookmark\">Leggi tutto &raquo;<span class=\"screen-reader-text\">Conclusioni e bibliografia<\/span><\/a><\/p>\n","protected":false},"author":1,"featured_media":0,"parent":0,"menu_order":0,"comment_status":"closed","ping_status":"closed","template":"","meta":{"neve_meta_sidebar":"full-width","neve_meta_container":"","neve_meta_enable_content_width":"on","neve_meta_content_width":100,"neve_meta_title_alignment":"","neve_meta_author_avatar":"","neve_post_elements_order":"","neve_meta_disable_header":"","neve_meta_disable_footer":"","neve_meta_disable_title":"","footnotes":""},"class_list":["post-113","page","type-page","status-publish","hentry"],"_links":{"self":[{"href":"https:\/\/universitysocialteaching.uniurb.it\/index.php\/wp-json\/wp\/v2\/pages\/113","targetHints":{"allow":["GET"]}}],"collection":[{"href":"https:\/\/universitysocialteaching.uniurb.it\/index.php\/wp-json\/wp\/v2\/pages"}],"about":[{"href":"https:\/\/universitysocialteaching.uniurb.it\/index.php\/wp-json\/wp\/v2\/types\/page"}],"author":[{"embeddable":true,"href":"https:\/\/universitysocialteaching.uniurb.it\/index.php\/wp-json\/wp\/v2\/users\/1"}],"replies":[{"embeddable":true,"href":"https:\/\/universitysocialteaching.uniurb.it\/index.php\/wp-json\/wp\/v2\/comments?post=113"}],"version-history":[{"count":4,"href":"https:\/\/universitysocialteaching.uniurb.it\/index.php\/wp-json\/wp\/v2\/pages\/113\/revisions"}],"predecessor-version":[{"id":699,"href":"https:\/\/universitysocialteaching.uniurb.it\/index.php\/wp-json\/wp\/v2\/pages\/113\/revisions\/699"}],"wp:attachment":[{"href":"https:\/\/universitysocialteaching.uniurb.it\/index.php\/wp-json\/wp\/v2\/media?parent=113"}],"curies":[{"name":"wp","href":"https:\/\/api.w.org\/{rel}","templated":true}]}}