{"id":246,"date":"2021-01-28T08:54:58","date_gmt":"2021-01-28T08:54:58","guid":{"rendered":"https:\/\/universitysocialteaching.uniurb.it\/?page_id=246"},"modified":"2021-01-29T10:23:52","modified_gmt":"2021-01-29T10:23:52","slug":"clil-tipologie-di-insegnamento-offerte-dallateneo","status":"publish","type":"page","link":"https:\/\/universitysocialteaching.uniurb.it\/index.php\/clil-tipologie-di-insegnamento-offerte-dallateneo\/","title":{"rendered":"Tipologie di insegnamento"},"content":{"rendered":"\n<ol class=\"wp-block-list\"><li><span class=\"has-inline-color has-neve-link-color-color\">Insegnamento interamente in lingua straniera: la didattica \u00e8 svolta interamente in lingua straniera e l&#8217;esame pu\u00f2 essere sostenuto in lingua straniera.<\/span><\/li><\/ol>\n\n\n\n<p>2.<span class=\"has-inline-color has-nv-c-2-color\"> Insegnamento parzialmente in lingua straniera: la didattica \u00e8 svolta parzialmente in lingua italiana e parzialmente in lingua straniera. I materiali di studio e l&#8217;esame possono essere in lingua straniera.<\/span><\/p>\n\n\n\n<p>3.<span class=\"has-inline-color has-neve-link-hover-color-color\"> Insegnamento con materiali opzionali in lingua straniera: la didattica \u00e8 svolta interamente in lingua italiana. I materiali di studio e l&#8217;esame possono essere in lingua straniera.<\/span><\/p>\n\n\n\n<figure class=\"wp-block-image size-large is-resized\"><img loading=\"lazy\" decoding=\"async\" src=\"https:\/\/universitysocialteaching.uniurb.it\/wp-content\/uploads\/2021\/01\/clil-times-09-1024x378.jpg\" alt=\"\" class=\"wp-image-247\" width=\"501\" height=\"185\" srcset=\"https:\/\/universitysocialteaching.uniurb.it\/wp-content\/uploads\/2021\/01\/clil-times-09-1024x378.jpg 1024w, https:\/\/universitysocialteaching.uniurb.it\/wp-content\/uploads\/2021\/01\/clil-times-09-300x111.jpg 300w, https:\/\/universitysocialteaching.uniurb.it\/wp-content\/uploads\/2021\/01\/clil-times-09-768x284.jpg 768w, https:\/\/universitysocialteaching.uniurb.it\/wp-content\/uploads\/2021\/01\/clil-times-09-1536x567.jpg 1536w, https:\/\/universitysocialteaching.uniurb.it\/wp-content\/uploads\/2021\/01\/clil-times-09-2048x757.jpg 2048w\" sizes=\"auto, (max-width: 501px) 100vw, 501px\" \/><\/figure>\n","protected":false},"excerpt":{"rendered":"<p>Insegnamento interamente in lingua straniera: la didattica \u00e8 svolta interamente in lingua straniera e l&#8217;esame pu\u00f2 essere sostenuto in lingua straniera. 2. Insegnamento parzialmente in lingua straniera: la didattica \u00e8 svolta parzialmente in lingua italiana e parzialmente in lingua straniera. I materiali di studio e l&#8217;esame possono essere in lingua straniera. 3. Insegnamento con materiali&hellip;&nbsp;<a href=\"https:\/\/universitysocialteaching.uniurb.it\/index.php\/clil-tipologie-di-insegnamento-offerte-dallateneo\/\" class=\"\" rel=\"bookmark\">Leggi tutto &raquo;<span class=\"screen-reader-text\">Tipologie di insegnamento<\/span><\/a><\/p>\n","protected":false},"author":1,"featured_media":0,"parent":0,"menu_order":0,"comment_status":"closed","ping_status":"closed","template":"","meta":{"neve_meta_sidebar":"full-width","neve_meta_container":"","neve_meta_enable_content_width":"on","neve_meta_content_width":100,"neve_meta_title_alignment":"","neve_meta_author_avatar":"","neve_post_elements_order":"","neve_meta_disable_header":"","neve_meta_disable_footer":"","neve_meta_disable_title":"","footnotes":""},"class_list":["post-246","page","type-page","status-publish","hentry"],"_links":{"self":[{"href":"https:\/\/universitysocialteaching.uniurb.it\/index.php\/wp-json\/wp\/v2\/pages\/246","targetHints":{"allow":["GET"]}}],"collection":[{"href":"https:\/\/universitysocialteaching.uniurb.it\/index.php\/wp-json\/wp\/v2\/pages"}],"about":[{"href":"https:\/\/universitysocialteaching.uniurb.it\/index.php\/wp-json\/wp\/v2\/types\/page"}],"author":[{"embeddable":true,"href":"https:\/\/universitysocialteaching.uniurb.it\/index.php\/wp-json\/wp\/v2\/users\/1"}],"replies":[{"embeddable":true,"href":"https:\/\/universitysocialteaching.uniurb.it\/index.php\/wp-json\/wp\/v2\/comments?post=246"}],"version-history":[{"count":4,"href":"https:\/\/universitysocialteaching.uniurb.it\/index.php\/wp-json\/wp\/v2\/pages\/246\/revisions"}],"predecessor-version":[{"id":372,"href":"https:\/\/universitysocialteaching.uniurb.it\/index.php\/wp-json\/wp\/v2\/pages\/246\/revisions\/372"}],"wp:attachment":[{"href":"https:\/\/universitysocialteaching.uniurb.it\/index.php\/wp-json\/wp\/v2\/media?parent=246"}],"curies":[{"name":"wp","href":"https:\/\/api.w.org\/{rel}","templated":true}]}}