{"id":6,"date":"2021-01-25T08:30:36","date_gmt":"2021-01-25T08:30:36","guid":{"rendered":"https:\/\/universitysocialteaching.uniurb.it\/?page_id=6"},"modified":"2021-02-08T22:19:48","modified_gmt":"2021-02-08T21:19:48","slug":"progetto","status":"publish","type":"page","link":"https:\/\/universitysocialteaching.uniurb.it\/index.php\/progetto\/","title":{"rendered":"Il progetto"},"content":{"rendered":"\n<p id=\"h.p_ZRZxj5nvtgb-\">Il progetto denominato <strong>Multi-modalit\u00e0 per la Didattica Universitaria<\/strong>, complessivamente mirato all&#8217;accrescimento delle competenze didattiche dei docenti universitari, concepisce queste ultime secondo una logica di sviluppo professionale multidimensionale e continuo, in grado di generare a sua volta un miglioramento delle competenze trasversali degli studenti. L\u2019assunto implicito nel progetto \u00e8 che una pi\u00f9 evoluta competenza didattica, capace di affiancare alle modalit\u00e0 tradizionali di insegnamento altre modalit\u00e0 innovative, incida positivamente sui risultati di apprendimento attesi.<\/p>\n\n\n\n<p>Su questo sito sono disponibili tutti i materiali discussi e prodotti durante gli incontri previsti dal progetto, i quali si configurano come&nbsp;<strong>risorse per l\u2019adozione di un approccio didattico multimodale<\/strong>&nbsp;in grado di contemperare le istanze provenienti dal sapere disciplinare e dal soggetto che apprende.<\/p>\n\n\n\n<div class=\"wp-block-buttons aligncenter is-layout-flex wp-block-buttons-is-layout-flex\">\n<div class=\"wp-block-button is-style-primary\"><a class=\"wp-block-button__link\" href=\"https:\/\/universitysocialteaching.uniurb.it\/index.php\/materiali\/\">MATERIALi<\/a><\/div>\n<\/div>\n\n\n\n<hr class=\"wp-block-separator is-style-dots\"\/>\n\n\n\n<h3 class=\"wp-block-heading\"><span class=\"has-inline-color has-neve-link-color-color\">Le fasi del progetto<\/span><\/h3>\n\n\n\n<p id=\"h.p_S9F49fEos49a\">Il progetto prevedeva in primo luogo la realizzazione di un&nbsp;<em><strong>Report<\/strong><\/em><strong>&nbsp;su interventi e strategie realizzate in atenei italiani e stranieri<\/strong>, i cui risultati costituiscono evidenze empiriche funzionali alla progettazione dei percorsi formativi rivolti ai docenti ed all&#8217;implementazione della piattaforma&nbsp;<em>Education<\/em>&nbsp;con risorse dedicate alla didattica universitaria (AG 1.1). La ricognizione delle esperienze maturate in altri Atenei \u00e8 stata presentata in occasione del primo seminario&nbsp;del 10 novembre 2017 promosso nell&#8217;ambito del Piano di formazione rivolto ai Docenti dell\u2019Ateneo di Urbino (AG 1.2).<\/p>\n\n\n\n<p id=\"h.p_iaZPvD2ls5dR\">E&#8217; stata inoltre effettuata una&nbsp;<strong>rilevazione delle opinioni di docenti e studenti rispetto alla didattica universitaria<\/strong>, tramite la somministrazione di due questionari, uno rivolto a tutti i docenti dell&#8217;Ateneo di Urbino (<a href=\"https:\/\/docs.google.com\/forms\/d\/e\/1FAIpQLSe_agUwQ_z2KDTgLq7rYo0fjaMbtamhHALTSusAW5Oimr20mg\/viewform\" target=\"_blank\" rel=\"noreferrer noopener\">Questionario Docenti<\/a>) e un altro rivolto a tutti gli studenti (<a href=\"https:\/\/docs.google.com\/forms\/d\/e\/1FAIpQLSdmB5rmyzQ8KEeX33HbYbyUhBTRqfwMDubSCFAIBsMlIAuLZA\/viewform\" target=\"_blank\" rel=\"noreferrer noopener\">Questionario Studenti<\/a>) (AG 1.3). I primi risultati dell\u2019indagine sono stati presentati e discussi il 7 giugno 2018 in occasione del&nbsp;<a href=\"https:\/\/www.google.com\/url?q=https%3A%2F%2Feducation.uniurb.it%2Fmoodle%2Fcourse%2Fview.php%3Fid%3D342&amp;sa=D&amp;sntz=1&amp;usg=AFQjCNGx_KHiiyWRNz7_OeYsaMN0_PLPOw\" target=\"_blank\" rel=\"noreferrer noopener\">sesto seminario<\/a>&nbsp;promosso nell&#8217;ambito del Piano di formazione rivolto ai Docenti dell\u2019Ateneo di Urbino.<\/p>\n\n\n\n<p id=\"h.p_4fTppT54s575\">Il progetto ha previsto inoltre la messa a punto di uno&nbsp;<strong>strumento di autovalutazione della competenza professionale didattica<\/strong>, secondo le tre aree riferite a:&nbsp;<em>Sapere<\/em>&nbsp;(conoscenze fondamentali della didattica come scienza dell\u2019insegnamento);&nbsp;<em>Saper fare<\/em>&nbsp;(abilit\u00e0 relative all\u2019agire didattico);&nbsp;<em>Saper essere<\/em>&nbsp;(<em>habitus<\/em>&nbsp;dell\u2019insegnante: coordinamento delle conoscenze e delle abilit\u00e0 con riferimento ad un sistema di valori professionali) (AG 1.4). <\/p>\n\n\n\n<p id=\"h.p_FeGB7AfBs6I9\">Un altra fase del progetto ha riguardato la&nbsp;<strong>modernizzazione delle aule esistenti<\/strong>&nbsp;(potenziamento&nbsp;<em>wireless<\/em>, attrezzature didattiche) (AG 2.1), nonch\u00e9 la&nbsp;<strong>progettazione e l&#8217;allestimento di ambienti didattici (Aule 3.0) ad uso dei percorsi formativi e come contesto di sperimentazione di prassi didattiche innovative<\/strong>&nbsp;(AG 2.2). In particolare, dove necessario \u00e8 stato potenziato l&#8217;impianto wi-fi e si \u00e8 proceduto alla completa sostituzione delle attrezzature obsolete con videoproiettori a laser e schermi motorizzati, nonch\u00e9 all&#8217;installazione di impianti audio. Inoltre, a seguito dello studio di fattibilit\u00e0 ed analisi per l\u2019individuazione di aule didattiche destinate alla progettazione e realizzazione del progetto Aula 3.0, sono state individuate le seguenti quattro aule didattiche finalizzate al progetto:&nbsp;<strong>Aula C7 di Palazzo Volponi, Aula 01 di Palazzo Battiferri, A5 di Palazzo Veterani e Aula B2 di Palazzo Albani<\/strong>. Per l\u2019installazione di videoproiettori a laser e schermi motorizzati sono state individuate le aule di Palazzo Passionei e del Palazzo Legato Albani (Collegio Raffaello). Sono attualmente in fase di test e collaudo alcune particolari attrezzature delle aule didattiche 3.0 (lavagna elettronica verticale e lavagna elettronica da tavolo), sistemate rispettivamente presso l\u2019Aula Magna di Palazzo Bonaventura e presso l\u2019Aula informatica di Palazzo Petrangolini.<\/p>\n\n\n\n<hr class=\"wp-block-separator is-style-dots\"\/>\n\n\n\n<h3 class=\"wp-block-heading\"><span class=\"has-inline-color has-neve-link-color-color\">Gli incontri di formazione<\/span><\/h3>\n\n\n\n<p id=\"h.p_ipgOsj1ws6vo\">Il progetto ha previsto inoltre la realizzazione di un&nbsp;<strong>percorso formativo sperimentale per l\u2019accrescimento delle competenze professionali dei docenti universitari, in ambienti dedicati (Aule 3.0)&nbsp;<\/strong>(AG 2.3). La fase sperimentale del progetto si \u00e8 aperta con la costituzione del gruppo di docenti, individuati dai singoli Dipartimenti\/Scuole, che partecipano al percorso formativo sperimentale. Nell\u2019ambito del Piano di formazione rivolto ai Docenti dell\u2019Ateneo di Urbino, sono stati svolti incontri sui seguenti temi:<\/p>\n\n\n\n<ul class=\"wp-block-list\"><li><strong>Strategie e progettazione di attivit\u00e0 didattiche: Problem-based Learning, Flipped Learning, Debate, CLIL.&nbsp;<\/strong><a href=\"https:\/\/www.google.com\/url?q=https%3A%2F%2Feducation.uniurb.it%2Fmoodle%2Fcourse%2Fview.php%3Fid%3D354&amp;sa=D&amp;sntz=1&amp;usg=AFQjCNF1rPZoFOlnWW5J1k9UQd6udO7XMw\" target=\"_blank\" rel=\"noreferrer noopener\">Seminario del 17 e 18 settembre 2018<\/a>. Relatori: Berta Martini, Flora Sisti, Rossella D&#8217;Ugo, Giovanna Carloni.<\/li><li><strong>Debate: come adottare il dibattito regolamentato in Universit\u00e0.<\/strong>&nbsp;<a href=\"https:\/\/www.google.com\/url?q=https%3A%2F%2Feducation.uniurb.it%2Fmoodle%2Fcourse%2Fview.php%3Fid%3D363&amp;sa=D&amp;sntz=1&amp;usg=AFQjCNEdbsPjKuwsjEYL7gQ5k6nxns5w4g\" target=\"_blank\" rel=\"noreferrer noopener\">Seminario del 9 ottobre 2018<\/a>. Relatori: Matteo Giangrande e Manuele De Conti.<\/li><li><strong>Flipped Learning. L\u2019apprendimento capovolto nell\u2019insegnamento accademico.<\/strong>&nbsp;<a href=\"https:\/\/www.google.com\/url?q=https%3A%2F%2Feducation.uniurb.it%2Fmoodle%2Fcourse%2Fview.php%3Fid%3D381&amp;sa=D&amp;sntz=1&amp;usg=AFQjCNEqZ1W2aqxdQlmVg3Yug7aXCroNtw\" target=\"_blank\" rel=\"noreferrer noopener\">Seminario del 18 ottobre 2018<\/a>. Relatore: Sergio Vastarella.<\/li><li><strong>Problem-based learning. Per un apprendimento basato sui problemi in piccoli gruppi.<\/strong>&nbsp;<a href=\"https:\/\/www.google.com\/url?q=https%3A%2F%2Feducation.uniurb.it%2Fmoodle%2Fcourse%2Fview.php%3Fid%3D385&amp;sa=D&amp;sntz=1&amp;usg=AFQjCNEbtfDt0Mu1gbOrUnZJu6mOoyg6Lw\" target=\"_blank\" rel=\"noreferrer noopener\">Seminario del 25 ottobre 2018<\/a>. Relatore: Antonella Lotti.<\/li><\/ul>\n\n\n\n<p id=\"h.p_y7D7ggnUs7Y2\">Un altro obiettivo del progetto era&nbsp;<strong>l&#8217;accrescimento della capacit\u00e0 di differenziazione didattica delle prassi (multi-modalit\u00e0 didattica) dei docenti<\/strong>&nbsp;attraverso la conoscenza e l\u2019applicazione di strategie di mediazione e trasposizione didattica condivise, da svolgersi secondo una metodologia riflessiva&nbsp;<em>on action&nbsp;<\/em>(AG 3.1). A tal proposito \u00e8 stato definito ed attivato un&nbsp;<strong>Piano di formazione rivolto ai docenti dell\u2019Ateneo di Urbino&nbsp;<\/strong>che ha previsto i seguenti seminari:<\/p>\n\n\n\n<ol class=\"wp-block-list\"><li><a href=\"https:\/\/www.google.com\/url?q=https%3A%2F%2Feducation.uniurb.it%2Fmoodle%2Fcourse%2Fview.php%3Fid%3D268&amp;sa=D&amp;sntz=1&amp;usg=AFQjCNGS-bMpndU6F7HQM83q6_NExFqXwQ\" target=\"_blank\" rel=\"noreferrer noopener\">Seminario del 10 novembre 2017<\/a>. Presentazione del Progetto sperimentale di Ateneo: azioni e obiettivi. Focus: modalit\u00e0 di accertamento degli apprendimenti degli studenti.<\/li><li><a href=\"https:\/\/www.google.com\/url?q=https%3A%2F%2Feducation.uniurb.it%2Fmoodle%2Fcourse%2Fview.php%3Fid%3D270&amp;sa=D&amp;sntz=1&amp;usg=AFQjCNEylP7UwB22JZDl9Ff-yJDSul3mZA\" target=\"_blank\" rel=\"noreferrer noopener\">Seminario del 24 novembre 2017<\/a>. Focus: modalit\u00e0 di accertamento degli apprendimenti degli studenti. I lavori hanno visto un secondo focus group tematizzato sulla valutazione degli apprendimenti in ambito universitario.<\/li><li><a href=\"https:\/\/www.google.com\/url?q=https%3A%2F%2Feducation.uniurb.it%2Fmoodle%2Fcourse%2Fview.php%3Fid%3D274&amp;sa=D&amp;sntz=1&amp;usg=AFQjCNGK0FvQ6UtMNyaljCN8Cvr3M1_U0g\" target=\"_blank\" rel=\"noreferrer noopener\">Seminario del 1 dicembre 2017<\/a>. I lavori del seminario sono stati dedicati ad un approfondimento dei dati emersi nel precedente focus group del 24 novembre; nello specifico, si \u00e8 riflettuto &#8211; con il supporto di alcuni protocolli di lavoro &#8211; sul costrutto di competenza e sulla valutazione degli apprendimenti in ambito universitario.<\/li><li><a href=\"https:\/\/www.google.com\/url?q=https%3A%2F%2Feducation.uniurb.it%2Fmoodle%2Fcourse%2Fview.php%3Fid%3D319&amp;sa=D&amp;sntz=1&amp;usg=AFQjCNGn326TP_l2SEd5bMVkAG2IwXdibw\" target=\"_blank\" rel=\"noreferrer noopener\">Seminario del 29 marzo 2018<\/a>. Focus: modalit\u00e0 di accertamento degli apprendimenti degli studenti. Elaborazione di descrittori per la costruzione di rubriche di valutazione applicabili a prove di verifica del profitto (esami finali \u2013 colloquio orale).<\/li><li><a href=\"https:\/\/www.google.com\/url?q=https%3A%2F%2Feducation.uniurb.it%2Fmoodle%2Fcourse%2Fview.php%3Fid%3D344&amp;sa=D&amp;sntz=1&amp;usg=AFQjCNGlIVyv8pOINEVuN34SX6NwZFA2vA\" target=\"_blank\" rel=\"noreferrer noopener\">Seminario del 6 giugno 2018<\/a>. Valutazione in ambiente CLIL per l\u2019italiano L2. Il seminario \u00e8 stato dedicato al tema della verifica e valutazione degli apprendimenti, particolarmente problematico in situazioni di apprendimento condotte in lingua straniera e italiano L2. L\u2019incontro \u00e8 stato condotto dal prof. Graziano Serragiotto, dell\u2019Universit\u00e0 Ca\u2019 Foscari di Venezia.<\/li><li><a href=\"https:\/\/www.google.com\/url?q=https%3A%2F%2Feducation.uniurb.it%2Fmoodle%2Fcourse%2Fview.php%3Fid%3D342&amp;sa=D&amp;sntz=1&amp;usg=AFQjCNGx_KHiiyWRNz7_OeYsaMN0_PLPOw\" target=\"_blank\" rel=\"noreferrer noopener\">Seminario del 7 giugno 2018<\/a>. Sintesi dei contributi raccolti durante la prima fase degli incontri sulla verifica e sulla valutazione degli apprendimenti in ambito universitario e la presentazione del prossimo ciclo di incontri. La giornata di lavori \u00e8 stata caratterizzata in particolare dai seguenti interventi dedicati alle esperienze didattiche alternative della Carlo Bo: Mara Del Baldo: Learning by doing; Francesca M. Cesaroni: L\u2019esperienza del Contamination Lab; Rosanna Castorina: Pratiche didattiche in corsi di e-learning; Giovanna Carloni: Sportello di consulenza CLIL; Flora Sisti: Flipped Learning.<\/li><li>Seminario del 8 novembre 2018. Strumenti digitali per la didattica CLIL e non solo. Uso di strumenti digitali per realizzare attivit\u00e0 interattive. Relatore: Giovanna Carloni.<\/li><li><a href=\"https:\/\/www.google.com\/url?q=https%3A%2F%2Feducation.uniurb.it%2Fmoodle%2Fcourse%2Fview.php%3Fid%3D394&amp;sa=D&amp;sntz=1&amp;usg=AFQjCNGD_E_MEF5zf1JA9IzvrSmn6t0Xrg\" target=\"_blank\" rel=\"noreferrer noopener\">Seminario del 5 dicembre 2018<\/a>. Workshop dimostrativo sull&#8217;uso dell\u2019Aula 3.0. Relatori: Berta Martini, Flora Sisti, Rossella D\u2019Ugo, Giovanna Carloni.<\/li><\/ol>\n\n\n\n<div class=\"wp-block-buttons aligncenter is-layout-flex wp-block-buttons-is-layout-flex\">\n<div class=\"wp-block-button is-style-primary\"><a class=\"wp-block-button__link\" href=\"https:\/\/universitysocialteaching.uniurb.it\/index.php\/dettagli-ed-obiettivi-del-progetto\/\">dettagli ed obiettivi del progetto<\/a><\/div>\n<\/div>\n\n\n\n<p><\/p>\n","protected":false},"excerpt":{"rendered":"<p>Il progetto denominato Multi-modalit\u00e0 per la Didattica Universitaria, complessivamente mirato all&#8217;accrescimento delle competenze didattiche dei docenti universitari, concepisce queste ultime secondo una logica di sviluppo professionale multidimensionale e continuo, in grado di generare a sua volta un miglioramento delle competenze trasversali degli studenti. L\u2019assunto implicito nel progetto \u00e8 che una pi\u00f9 evoluta competenza didattica, capace&hellip;&nbsp;<a href=\"https:\/\/universitysocialteaching.uniurb.it\/index.php\/progetto\/\" class=\"\" rel=\"bookmark\">Leggi tutto &raquo;<span class=\"screen-reader-text\">Il progetto<\/span><\/a><\/p>\n","protected":false},"author":1,"featured_media":0,"parent":0,"menu_order":0,"comment_status":"closed","ping_status":"closed","template":"","meta":{"neve_meta_sidebar":"full-width","neve_meta_container":"default","neve_meta_enable_content_width":"","neve_meta_content_width":0,"neve_meta_title_alignment":"","neve_meta_author_avatar":"","neve_post_elements_order":"","neve_meta_disable_header":"","neve_meta_disable_footer":"","neve_meta_disable_title":"","footnotes":""},"class_list":["post-6","page","type-page","status-publish","hentry"],"_links":{"self":[{"href":"https:\/\/universitysocialteaching.uniurb.it\/index.php\/wp-json\/wp\/v2\/pages\/6","targetHints":{"allow":["GET"]}}],"collection":[{"href":"https:\/\/universitysocialteaching.uniurb.it\/index.php\/wp-json\/wp\/v2\/pages"}],"about":[{"href":"https:\/\/universitysocialteaching.uniurb.it\/index.php\/wp-json\/wp\/v2\/types\/page"}],"author":[{"embeddable":true,"href":"https:\/\/universitysocialteaching.uniurb.it\/index.php\/wp-json\/wp\/v2\/users\/1"}],"replies":[{"embeddable":true,"href":"https:\/\/universitysocialteaching.uniurb.it\/index.php\/wp-json\/wp\/v2\/comments?post=6"}],"version-history":[{"count":14,"href":"https:\/\/universitysocialteaching.uniurb.it\/index.php\/wp-json\/wp\/v2\/pages\/6\/revisions"}],"predecessor-version":[{"id":583,"href":"https:\/\/universitysocialteaching.uniurb.it\/index.php\/wp-json\/wp\/v2\/pages\/6\/revisions\/583"}],"wp:attachment":[{"href":"https:\/\/universitysocialteaching.uniurb.it\/index.php\/wp-json\/wp\/v2\/media?parent=6"}],"curies":[{"name":"wp","href":"https:\/\/api.w.org\/{rel}","templated":true}]}}