{"id":857,"date":"2024-05-28T08:18:40","date_gmt":"2024-05-28T07:18:40","guid":{"rendered":"https:\/\/universitysocialteaching.uniurb.it\/?page_id=857"},"modified":"2025-09-10T08:43:55","modified_gmt":"2025-09-10T07:43:55","slug":"ice-studenti","status":"publish","type":"page","link":"https:\/\/universitysocialteaching.uniurb.it\/index.php\/ice-studenti\/","title":{"rendered":"Interviste"},"content":{"rendered":"\n<figure class=\"wp-block-image size-large is-resized\"><img loading=\"lazy\" decoding=\"async\" width=\"1024\" height=\"681\" src=\"https:\/\/universitysocialteaching.uniurb.it\/wp-content\/uploads\/2024\/05\/students-8628244_1280-1-1024x681.jpg\" alt=\"\" class=\"wp-image-864\" style=\"width:1170px;height:auto\"\/><\/figure>\n\n\n\n<hr class=\"wp-block-separator has-alpha-channel-opacity\"\/>\n\n\n\n<p><br>Questa sezione \u00e8 dedicata alle esperienze di mobilit\u00e0 degli studenti UniUrb, coinvolti nei processi di internazionalizzazione, a partire dall\u2019a.a. 2023-24.<br><br>Grazie al loro coinvolgimento diretto, alla loro disponibilit\u00e0 a rilasciare interviste, scrivere diari e testimonianze, inviare materiali audio\/ video o immagini \u00e8 possibile aggiornare e arricchire costantemente il segmento.<br><br>Chiunque sia iscritto all\u2019Universit\u00e0 degli studi di Urbino \u201cCarlo Bo\u201d e sia stato o sia impegnato nel programma Erasmus, se lo desidera, pu\u00f2 contribuire a rendere pi\u00f9 fruibile, interessante e interattivo questo spazio.<br><br>\u00c8 disponibile una griglia di riferimento <a href=\"https:\/\/universitysocialteaching.uniurb.it\/wp-content\/uploads\/2024\/07\/Scheda_ICEUni_Urb.pdf\" target=\"_blank\" rel=\"noreferrer noopener\">qui<\/a>.<br><br>Inviare a: <a href=\"mailto:cristina.dallalibera@uniurb.it\">cristina.dallalibera@uniurb.it<\/a><\/p>\n\n\n\n<p>Seguono alcune brevi interviste, che raccontano risvolti inaspettati e significativi dei viaggi da pochissimo conclusi e che si rivolgono direttamente agli studenti:<\/p>\n\n\n\n<div class=\"wp-block-columns is-layout-flex wp-container-core-columns-is-layout-1 wp-block-columns-is-layout-flex\">\n<div class=\"wp-block-column is-layout-flow wp-block-column-is-layout-flow\">\n<figure class=\"wp-block-embed is-type-video is-provider-youtube wp-block-embed-youtube wp-embed-aspect-16-9 wp-has-aspect-ratio\"><div class=\"wp-block-embed__wrapper\">\n<div class=\"nv-iframe-embed\"><iframe loading=\"lazy\" title=\"Jasmine\" width=\"1200\" height=\"675\" src=\"https:\/\/www.youtube.com\/embed\/Mo1jWxaXMZ8?feature=oembed\" frameborder=\"0\" allow=\"accelerometer; autoplay; clipboard-write; encrypted-media; gyroscope; picture-in-picture; web-share\" referrerpolicy=\"strict-origin-when-cross-origin\" allowfullscreen><\/iframe><\/div>\n<\/div><figcaption class=\"wp-element-caption\">Jasmine<\/figcaption><\/figure>\n<\/div>\n\n\n\n<div class=\"wp-block-column is-layout-flow wp-block-column-is-layout-flow\">\n<figure class=\"wp-block-embed is-type-video is-provider-youtube wp-block-embed-youtube wp-embed-aspect-16-9 wp-has-aspect-ratio\"><div class=\"wp-block-embed__wrapper\">\n<div class=\"nv-iframe-embed\"><iframe loading=\"lazy\" title=\"Martina\" width=\"1200\" height=\"675\" src=\"https:\/\/www.youtube.com\/embed\/eQgeA6iu240?feature=oembed\" frameborder=\"0\" allow=\"accelerometer; autoplay; clipboard-write; encrypted-media; gyroscope; picture-in-picture; web-share\" referrerpolicy=\"strict-origin-when-cross-origin\" allowfullscreen><\/iframe><\/div>\n<\/div><figcaption class=\"wp-element-caption\">Martina &#8211; <a href=\"https:\/\/universitysocialteaching.uniurb.it\/wp-content\/uploads\/2024\/07\/martina_ersmus.pdf\" target=\"_blank\" rel=\"noreferrer noopener\">Vai al Pdf<\/a><\/figcaption><\/figure>\n<\/div>\n\n\n\n<div class=\"wp-block-column is-layout-flow wp-block-column-is-layout-flow\">\n<figure class=\"wp-block-embed is-type-video is-provider-youtube wp-block-embed-youtube wp-embed-aspect-16-9 wp-has-aspect-ratio\"><div class=\"wp-block-embed__wrapper\">\n<div class=\"nv-iframe-embed\"><iframe loading=\"lazy\" title=\"Saira\" width=\"1200\" height=\"675\" src=\"https:\/\/www.youtube.com\/embed\/P5f6qzdC2DM?feature=oembed\" frameborder=\"0\" allow=\"accelerometer; autoplay; clipboard-write; encrypted-media; gyroscope; picture-in-picture; web-share\" referrerpolicy=\"strict-origin-when-cross-origin\" allowfullscreen><\/iframe><\/div>\n<\/div><figcaption class=\"wp-element-caption\">Saira<\/figcaption><\/figure>\n<\/div>\n<\/div>\n\n\n\n<div class=\"wp-block-columns is-layout-flex wp-container-core-columns-is-layout-2 wp-block-columns-is-layout-flex\">\n<div class=\"wp-block-column is-layout-flow wp-block-column-is-layout-flow\">\n<figure class=\"wp-block-embed is-type-video is-provider-youtube wp-block-embed-youtube wp-embed-aspect-16-9 wp-has-aspect-ratio\"><div class=\"wp-block-embed__wrapper\">\n<div class=\"nv-iframe-embed\"><iframe loading=\"lazy\" title=\"Massimiliano\" width=\"1200\" height=\"675\" src=\"https:\/\/www.youtube.com\/embed\/a9prrtquN9w?feature=oembed\" frameborder=\"0\" allow=\"accelerometer; autoplay; clipboard-write; encrypted-media; gyroscope; picture-in-picture; web-share\" referrerpolicy=\"strict-origin-when-cross-origin\" allowfullscreen><\/iframe><\/div>\n<\/div><figcaption class=\"wp-element-caption\">Massimiliano<\/figcaption><\/figure>\n\n\n\n<figure class=\"wp-block-embed is-type-video is-provider-youtube wp-block-embed-youtube wp-embed-aspect-16-9 wp-has-aspect-ratio\"><div class=\"wp-block-embed__wrapper\">\n<div class=\"nv-iframe-embed\"><iframe loading=\"lazy\" title=\"Rocco\" width=\"1200\" height=\"675\" src=\"https:\/\/www.youtube.com\/embed\/elz37nNjDEw?feature=oembed\" frameborder=\"0\" allow=\"accelerometer; autoplay; clipboard-write; encrypted-media; gyroscope; picture-in-picture; web-share\" referrerpolicy=\"strict-origin-when-cross-origin\" allowfullscreen><\/iframe><\/div>\n<\/div><figcaption class=\"wp-element-caption\">Rocco<\/figcaption><\/figure>\n\n\n\n<figure class=\"wp-block-embed is-type-video is-provider-youtube wp-block-embed-youtube wp-embed-aspect-16-9 wp-has-aspect-ratio\"><div class=\"wp-block-embed__wrapper\">\n<div class=\"nv-iframe-embed\"><iframe loading=\"lazy\" title=\"Marta\" width=\"1200\" height=\"675\" src=\"https:\/\/www.youtube.com\/embed\/pkcvjIHPnmQ?feature=oembed\" frameborder=\"0\" allow=\"accelerometer; autoplay; clipboard-write; encrypted-media; gyroscope; picture-in-picture; web-share\" referrerpolicy=\"strict-origin-when-cross-origin\" allowfullscreen><\/iframe><\/div>\n<\/div><figcaption class=\"wp-element-caption\">Marta<\/figcaption><\/figure>\n\n\n\n<figure class=\"wp-block-embed is-type-video is-provider-youtube wp-block-embed-youtube wp-embed-aspect-4-3 wp-has-aspect-ratio\"><div class=\"wp-block-embed__wrapper\">\n<div class=\"nv-iframe-embed\"><iframe loading=\"lazy\" title=\"Alessia\" width=\"1200\" height=\"675\" src=\"https:\/\/www.youtube.com\/embed\/OMWbYZYhBeU?feature=oembed\" frameborder=\"0\" allow=\"accelerometer; autoplay; clipboard-write; encrypted-media; gyroscope; picture-in-picture; web-share\" referrerpolicy=\"strict-origin-when-cross-origin\" allowfullscreen><\/iframe><\/div>\n<\/div><figcaption class=\"wp-element-caption\">Alessia<\/figcaption><\/figure>\n\n\n\n<figure class=\"wp-block-embed is-type-video is-provider-youtube wp-block-embed-youtube wp-embed-aspect-16-9 wp-has-aspect-ratio\"><div class=\"wp-block-embed__wrapper\">\n<div class=\"nv-iframe-embed\"><iframe loading=\"lazy\" title=\"Kira\" width=\"1200\" height=\"675\" src=\"https:\/\/www.youtube.com\/embed\/x-SaHYCUnJQ?feature=oembed\" frameborder=\"0\" allow=\"accelerometer; autoplay; clipboard-write; encrypted-media; gyroscope; picture-in-picture; web-share\" referrerpolicy=\"strict-origin-when-cross-origin\" allowfullscreen><\/iframe><\/div>\n<\/div><figcaption class=\"wp-element-caption\">Kira<\/figcaption><\/figure>\n\n\n\n<figure class=\"wp-block-embed is-type-video is-provider-youtube wp-block-embed-youtube wp-embed-aspect-16-9 wp-has-aspect-ratio\"><div class=\"wp-block-embed__wrapper\">\n<div class=\"nv-iframe-embed\"><iframe loading=\"lazy\" title=\"Sandra\" width=\"1200\" height=\"675\" src=\"https:\/\/www.youtube.com\/embed\/pR4DHj6vBEs?feature=oembed\" frameborder=\"0\" allow=\"accelerometer; autoplay; clipboard-write; encrypted-media; gyroscope; picture-in-picture; web-share\" referrerpolicy=\"strict-origin-when-cross-origin\" allowfullscreen><\/iframe><\/div>\n<\/div><figcaption class=\"wp-element-caption\">Sandra<\/figcaption><\/figure>\n<\/div>\n\n\n\n<div class=\"wp-block-column is-layout-flow wp-block-column-is-layout-flow\">\n<figure class=\"wp-block-embed is-type-video is-provider-youtube wp-block-embed-youtube wp-embed-aspect-16-9 wp-has-aspect-ratio\"><div class=\"wp-block-embed__wrapper\">\n<div class=\"nv-iframe-embed\"><iframe loading=\"lazy\" title=\"Riccardo\" width=\"1200\" height=\"675\" src=\"https:\/\/www.youtube.com\/embed\/0bhjtbLQnM8?feature=oembed\" frameborder=\"0\" allow=\"accelerometer; autoplay; clipboard-write; encrypted-media; gyroscope; picture-in-picture; web-share\" referrerpolicy=\"strict-origin-when-cross-origin\" allowfullscreen><\/iframe><\/div>\n<\/div><figcaption class=\"wp-element-caption\">Riccardo<\/figcaption><\/figure>\n\n\n\n<figure class=\"wp-block-embed is-type-video is-provider-youtube wp-block-embed-youtube wp-embed-aspect-16-9 wp-has-aspect-ratio\"><div class=\"wp-block-embed__wrapper\">\n<div class=\"nv-iframe-embed\"><iframe loading=\"lazy\" title=\"Salvatore\" width=\"1200\" height=\"675\" src=\"https:\/\/www.youtube.com\/embed\/gOJjOC2P890?feature=oembed\" frameborder=\"0\" allow=\"accelerometer; autoplay; clipboard-write; encrypted-media; gyroscope; picture-in-picture; web-share\" referrerpolicy=\"strict-origin-when-cross-origin\" allowfullscreen><\/iframe><\/div>\n<\/div><figcaption class=\"wp-element-caption\">Salvatore<\/figcaption><\/figure>\n\n\n\n<figure class=\"wp-block-embed is-type-video is-provider-youtube wp-block-embed-youtube wp-embed-aspect-16-9 wp-has-aspect-ratio\"><div class=\"wp-block-embed__wrapper\">\n<div class=\"nv-iframe-embed\"><iframe loading=\"lazy\" title=\"Carola\" width=\"1200\" height=\"675\" src=\"https:\/\/www.youtube.com\/embed\/hAuonXHT_qs?feature=oembed\" frameborder=\"0\" allow=\"accelerometer; autoplay; clipboard-write; encrypted-media; gyroscope; picture-in-picture; web-share\" referrerpolicy=\"strict-origin-when-cross-origin\" allowfullscreen><\/iframe><\/div>\n<\/div><figcaption class=\"wp-element-caption\">Carola<\/figcaption><\/figure>\n\n\n\n<figure class=\"wp-block-embed is-type-video is-provider-youtube wp-block-embed-youtube wp-embed-aspect-16-9 wp-has-aspect-ratio\"><div class=\"wp-block-embed__wrapper\">\n<div class=\"nv-iframe-embed\"><iframe loading=\"lazy\" title=\"Enora\" width=\"1200\" height=\"675\" src=\"https:\/\/www.youtube.com\/embed\/3mGPGkeACRg?feature=oembed\" frameborder=\"0\" allow=\"accelerometer; autoplay; clipboard-write; encrypted-media; gyroscope; picture-in-picture; web-share\" referrerpolicy=\"strict-origin-when-cross-origin\" allowfullscreen><\/iframe><\/div>\n<\/div><figcaption class=\"wp-element-caption\">Enora<\/figcaption><\/figure>\n\n\n\n<figure class=\"wp-block-embed is-type-video is-provider-youtube wp-block-embed-youtube wp-embed-aspect-4-3 wp-has-aspect-ratio\"><div class=\"wp-block-embed__wrapper\">\n<div class=\"nv-iframe-embed\"><iframe loading=\"lazy\" title=\"Kristof\" width=\"1200\" height=\"675\" src=\"https:\/\/www.youtube.com\/embed\/J73JM4exB_4?feature=oembed\" frameborder=\"0\" allow=\"accelerometer; autoplay; clipboard-write; encrypted-media; gyroscope; picture-in-picture; web-share\" referrerpolicy=\"strict-origin-when-cross-origin\" allowfullscreen><\/iframe><\/div>\n<\/div><figcaption class=\"wp-element-caption\">Kristof<\/figcaption><\/figure>\n\n\n\n<figure class=\"wp-block-embed is-type-video is-provider-youtube wp-block-embed-youtube wp-embed-aspect-4-3 wp-has-aspect-ratio\"><div class=\"wp-block-embed__wrapper\">\n<div class=\"nv-iframe-embed\"><iframe loading=\"lazy\" title=\"Emna\" width=\"1200\" height=\"675\" src=\"https:\/\/www.youtube.com\/embed\/p7d8CPyhoUk?feature=oembed\" frameborder=\"0\" allow=\"accelerometer; autoplay; clipboard-write; encrypted-media; gyroscope; picture-in-picture; web-share\" referrerpolicy=\"strict-origin-when-cross-origin\" allowfullscreen><\/iframe><\/div>\n<\/div><figcaption class=\"wp-element-caption\">Emna<\/figcaption><\/figure>\n<\/div>\n\n\n\n<div class=\"wp-block-column is-vertically-aligned-top is-layout-flow wp-block-column-is-layout-flow\">\n<figure class=\"wp-block-embed is-type-video is-provider-youtube wp-block-embed-youtube wp-embed-aspect-16-9 wp-has-aspect-ratio\"><div class=\"wp-block-embed__wrapper\">\n<div class=\"nv-iframe-embed\"><iframe loading=\"lazy\" title=\"Albano\" width=\"1200\" height=\"675\" src=\"https:\/\/www.youtube.com\/embed\/RjKRYhrxCnY?feature=oembed\" frameborder=\"0\" allow=\"accelerometer; autoplay; clipboard-write; encrypted-media; gyroscope; picture-in-picture; web-share\" referrerpolicy=\"strict-origin-when-cross-origin\" allowfullscreen><\/iframe><\/div>\n<\/div><figcaption class=\"wp-element-caption\">Albano<\/figcaption><\/figure>\n\n\n\n<figure class=\"wp-block-embed is-type-video is-provider-youtube wp-block-embed-youtube wp-embed-aspect-16-9 wp-has-aspect-ratio\"><div class=\"wp-block-embed__wrapper\">\n<div class=\"nv-iframe-embed\"><iframe loading=\"lazy\" title=\"Emanuel\" width=\"1200\" height=\"675\" src=\"https:\/\/www.youtube.com\/embed\/7mGKrS3uu7k?feature=oembed\" frameborder=\"0\" allow=\"accelerometer; autoplay; clipboard-write; encrypted-media; gyroscope; picture-in-picture; web-share\" referrerpolicy=\"strict-origin-when-cross-origin\" allowfullscreen><\/iframe><\/div>\n<\/div><figcaption class=\"wp-element-caption\">Emanuel<\/figcaption><\/figure>\n\n\n\n<figure class=\"wp-block-embed is-type-video is-provider-youtube wp-block-embed-youtube wp-embed-aspect-16-9 wp-has-aspect-ratio\"><div class=\"wp-block-embed__wrapper\">\n<div class=\"nv-iframe-embed\"><iframe loading=\"lazy\" title=\"Bruno\" width=\"1200\" height=\"675\" src=\"https:\/\/www.youtube.com\/embed\/10O5y9fnNpA?feature=oembed\" frameborder=\"0\" allow=\"accelerometer; autoplay; clipboard-write; encrypted-media; gyroscope; picture-in-picture; web-share\" referrerpolicy=\"strict-origin-when-cross-origin\" allowfullscreen><\/iframe><\/div>\n<\/div><figcaption class=\"wp-element-caption\">Bruno<\/figcaption><\/figure>\n\n\n\n<figure class=\"wp-block-embed is-type-video is-provider-youtube wp-block-embed-youtube wp-embed-aspect-16-9 wp-has-aspect-ratio\"><div class=\"wp-block-embed__wrapper\">\n<div class=\"nv-iframe-embed\"><iframe loading=\"lazy\" title=\"Marta 1\" width=\"1200\" height=\"675\" src=\"https:\/\/www.youtube.com\/embed\/Y061UUIdQ-E?feature=oembed\" frameborder=\"0\" allow=\"accelerometer; autoplay; clipboard-write; encrypted-media; gyroscope; picture-in-picture; web-share\" referrerpolicy=\"strict-origin-when-cross-origin\" allowfullscreen><\/iframe><\/div>\n<\/div><figcaption class=\"wp-element-caption\">Marta 1<\/figcaption><\/figure>\n\n\n\n<figure class=\"wp-block-embed is-type-video is-provider-youtube wp-block-embed-youtube wp-embed-aspect-16-9 wp-has-aspect-ratio\"><div class=\"wp-block-embed__wrapper\">\n<div class=\"nv-iframe-embed\"><iframe loading=\"lazy\" title=\"Clara\" width=\"1200\" height=\"675\" src=\"https:\/\/www.youtube.com\/embed\/nsTrkVlpowo?feature=oembed\" frameborder=\"0\" allow=\"accelerometer; autoplay; clipboard-write; encrypted-media; gyroscope; picture-in-picture; web-share\" referrerpolicy=\"strict-origin-when-cross-origin\" allowfullscreen><\/iframe><\/div>\n<\/div><figcaption class=\"wp-element-caption\">Clara<\/figcaption><\/figure>\n\n\n\n<figure class=\"wp-block-embed is-type-video is-provider-youtube wp-block-embed-youtube wp-embed-aspect-16-9 wp-has-aspect-ratio\"><div class=\"wp-block-embed__wrapper\">\n<div class=\"nv-iframe-embed\"><iframe loading=\"lazy\" title=\"Gabriele\" width=\"1200\" height=\"675\" src=\"https:\/\/www.youtube.com\/embed\/LAJIz9IxwAY?feature=oembed\" frameborder=\"0\" allow=\"accelerometer; autoplay; clipboard-write; encrypted-media; gyroscope; picture-in-picture; web-share\" referrerpolicy=\"strict-origin-when-cross-origin\" allowfullscreen><\/iframe><\/div>\n<\/div><figcaption class=\"wp-element-caption\">Gabriele<\/figcaption><\/figure>\n<\/div>\n<\/div>\n\n\n\n<hr class=\"wp-block-separator has-alpha-channel-opacity\"\/>\n\n\n\n<div class=\"wp-block-columns is-layout-flex wp-container-core-columns-is-layout-3 wp-block-columns-is-layout-flex\">\n<div class=\"wp-block-column is-layout-flow wp-block-column-is-layout-flow\">\n<p>Valeria <a href=\"https:\/\/universitysocialteaching.uniurb.it\/wp-content\/uploads\/2024\/07\/Racconto-Erasmus_Valeria-Pizzaleo.pdf\" target=\"_blank\" rel=\"noreferrer noopener\">Vai al Pdf<\/a><\/p>\n\n\n\n<p>Francesca <a href=\"https:\/\/universitysocialteaching.uniurb.it\/wp-content\/uploads\/2024\/09\/francesca-pia.pdf\" data-type=\"link\" data-id=\"https:\/\/universitysocialteaching.uniurb.it\/wp-content\/uploads\/2024\/09\/francesca-pia.pdf\" target=\"_blank\" rel=\"noreferrer noopener\">Vai al Pdf<\/a><\/p>\n<\/div>\n\n\n\n<div class=\"wp-block-column is-layout-flow wp-block-column-is-layout-flow\">\n<p>Lucia <a href=\"https:\/\/universitysocialteaching.uniurb.it\/wp-content\/uploads\/2024\/08\/Lucia.pdf\" target=\"_blank\" rel=\"noreferrer noopener\">Vai al Pdf<\/a><\/p>\n\n\n\n<p>Korina <a href=\"https:\/\/universitysocialteaching.uniurb.it\/wp-content\/uploads\/2025\/05\/Korina.pdf\" data-type=\"link\" data-id=\"https:\/\/universitysocialteaching.uniurb.it\/wp-content\/uploads\/2024\/09\/francesca-pia.pdf\" target=\"_blank\" rel=\"noreferrer noopener\">Vai al Pdf<\/a><\/p>\n<\/div>\n\n\n\n<div class=\"wp-block-column is-layout-flow wp-block-column-is-layout-flow\">\n<p>Furkan <a href=\"https:\/\/universitysocialteaching.uniurb.it\/wp-content\/uploads\/2024\/08\/Furkan.pdf\" target=\"_blank\" rel=\"noreferrer noopener\">Vai al Pdf<\/a><\/p>\n<\/div>\n<\/div>\n\n\n\n<p><\/p>\n","protected":false},"excerpt":{"rendered":"<p>Questa sezione \u00e8 dedicata alle esperienze di mobilit\u00e0 degli studenti UniUrb, coinvolti nei processi di internazionalizzazione, a partire dall\u2019a.a. 2023-24. Grazie al loro coinvolgimento diretto, alla loro disponibilit\u00e0 a rilasciare interviste, scrivere diari e testimonianze, inviare materiali audio\/ video o immagini \u00e8 possibile aggiornare e arricchire costantemente il segmento. Chiunque sia iscritto all\u2019Universit\u00e0 degli studi&hellip;&nbsp;<a href=\"https:\/\/universitysocialteaching.uniurb.it\/index.php\/ice-studenti\/\" class=\"\" rel=\"bookmark\">Leggi tutto &raquo;<span class=\"screen-reader-text\">Interviste<\/span><\/a><\/p>\n","protected":false},"author":2,"featured_media":0,"parent":0,"menu_order":0,"comment_status":"closed","ping_status":"closed","template":"","meta":{"neve_meta_sidebar":"","neve_meta_container":"","neve_meta_enable_content_width":"","neve_meta_content_width":0,"neve_meta_title_alignment":"","neve_meta_author_avatar":"","neve_post_elements_order":"","neve_meta_disable_header":"","neve_meta_disable_footer":"","neve_meta_disable_title":"","footnotes":""},"class_list":["post-857","page","type-page","status-publish","hentry"],"_links":{"self":[{"href":"https:\/\/universitysocialteaching.uniurb.it\/index.php\/wp-json\/wp\/v2\/pages\/857","targetHints":{"allow":["GET"]}}],"collection":[{"href":"https:\/\/universitysocialteaching.uniurb.it\/index.php\/wp-json\/wp\/v2\/pages"}],"about":[{"href":"https:\/\/universitysocialteaching.uniurb.it\/index.php\/wp-json\/wp\/v2\/types\/page"}],"author":[{"embeddable":true,"href":"https:\/\/universitysocialteaching.uniurb.it\/index.php\/wp-json\/wp\/v2\/users\/2"}],"replies":[{"embeddable":true,"href":"https:\/\/universitysocialteaching.uniurb.it\/index.php\/wp-json\/wp\/v2\/comments?post=857"}],"version-history":[{"count":55,"href":"https:\/\/universitysocialteaching.uniurb.it\/index.php\/wp-json\/wp\/v2\/pages\/857\/revisions"}],"predecessor-version":[{"id":1146,"href":"https:\/\/universitysocialteaching.uniurb.it\/index.php\/wp-json\/wp\/v2\/pages\/857\/revisions\/1146"}],"wp:attachment":[{"href":"https:\/\/universitysocialteaching.uniurb.it\/index.php\/wp-json\/wp\/v2\/media?parent=857"}],"curies":[{"name":"wp","href":"https:\/\/api.w.org\/{rel}","templated":true}]}}