{"id":95,"date":"2021-01-27T09:04:04","date_gmt":"2021-01-27T09:04:04","guid":{"rendered":"https:\/\/universitysocialteaching.uniurb.it\/?page_id=95"},"modified":"2021-01-27T09:40:37","modified_gmt":"2021-01-27T09:40:37","slug":"wiki","status":"publish","type":"page","link":"https:\/\/universitysocialteaching.uniurb.it\/index.php\/wiki\/","title":{"rendered":"Wiki"},"content":{"rendered":"\n<p id=\"h.p_YaSJDJCduY_U\">Il termine \u2018<strong>Wiki<\/strong>\u2019, che deriva dall&#8217;espressione&nbsp;<em>wiki wiki<\/em>&nbsp;(\u201cmolto veloce\u201d nella lingua hawaiana), indica un modo rapido per scrivere a pi\u00f9 mani un testo utilizzando un browser. Questa applicazione consente di&nbsp;<strong>produrre e modificare documenti all&#8217;interno di siti web in modo collaborativo<\/strong>. Due o pi\u00f9 utenti possono lavorare contemporaneamente, dalle proprie postazioni, all&#8217;elaborazione di file comuni e i loro interventi vengono tracciati in una cronologia archiviata nell&#8217;ambiente digitale (<em>repository<\/em>). Ciascun utente pu\u00f2 apportare modifiche anche ai contributi degli altri allo scopo di immagazzinare e condividere contenuti come accadrebbe in una riunione in presenza nella quale i partecipanti sono chiamati a manifestare le proprie idee e a lavorare insieme, secondo le proprie competenze, per raggiungere un risultato comune.<\/p>\n\n\n\n<p id=\"h.p_3TK1cg718Xyd\">Questa risorsa, disponibile su Moodle, pu\u00f2 risultare estremamente utile nel caso di&nbsp;<strong>lavori di gruppo<\/strong>&nbsp;o ricerche differenziate che convergono alla fine in un progetto comune frutto del consenso unanime dei partecipanti, oppure semplicemente per organizzare incontri di studio e scambiarsi materiali digitali.<\/p>\n\n\n\n<p id=\"h.p_VO3u5JcO8ZKs\">Nell&#8217;area umanistica questa risorsa viene spesso utilizzata per la creazione di racconti, poesie o dispense di gruppo. Si pratica in questo modo un tipo di&nbsp;<strong>scrittura collaborativa<\/strong>&nbsp;che presenta molti vantaggi, primo fra tutti quello di imparare dai propri pari, una forma di apprendimento \u2018orizzontale\u2019 considerata (Crouch, Mazur 2001,Topping 2001) pi\u00f9 motivante e a volte pi\u00f9 efficace di quella \u2018verticale\u2019 guidata dal docente. Nell&#8217;apprendimento tra pari (<em>peer learning<\/em>) infatti sia lo \u2018studente tutor\u2019 (che si sentir\u00e0 responsabilizzato dal suo ruolo e dovr\u00e0 riformulare i concetti appresi) sia lo studente apprendente (che trarr\u00e0 beneficio dallo studiare in un ambiente informale con una persona considerata al suo pari) aumenteranno la propria autostima e perfezioneranno conoscenze, metodi di studio e capacit\u00e0 di&nbsp;<em>problem solving<\/em>.<\/p>\n\n\n\n<p id=\"h.p_S3lvUpmB8jdW\">Il Wiki pu\u00f2 anche essere utilizzato individualmente per&nbsp;<strong>prendere appunti o scrivere un diario personale<\/strong>&nbsp;usando magari la tecnica del \u2018pensare ad alta voce\u2019 (<em>thinking aloud)<\/em>&nbsp;grazie alla quale lo studente esplicita il proprio processo cognitivo, descrive i propri dubbi e le decisioni che prende per risolverli e le strategie che attiva per superare le eventuali difficolt\u00e0 della lezione. Un\u2019altra buona pratica potrebbe essere quella di chiedere a turni ad una coppia di studenti di redigere un&nbsp;<strong>diario di bordo&nbsp;<\/strong>della lezione, a beneficio degli assenti, che potrebbe essere via via arricchito dall&#8217;apporto degli altri partecipanti.<\/p>\n\n\n\n<h3 class=\"wp-block-heading\">Tutorial: wiki<\/h3>\n\n\n\n<figure class=\"wp-block-embed is-type-video is-provider-youtube wp-block-embed-youtube wp-embed-aspect-16-9 wp-has-aspect-ratio\"><div class=\"wp-block-embed__wrapper\">\n<div class=\"nv-iframe-embed\"><iframe loading=\"lazy\" title=\"Videotutorial Moodle UniUrb - Creazione di wiki\" width=\"1200\" height=\"675\" src=\"https:\/\/www.youtube.com\/embed\/b31-Gejpcm0?feature=oembed\" frameborder=\"0\" allow=\"accelerometer; autoplay; clipboard-write; encrypted-media; gyroscope; picture-in-picture\" allowfullscreen><\/iframe><\/div>\n<\/div><\/figure>\n","protected":false},"excerpt":{"rendered":"<p>Il termine \u2018Wiki\u2019, che deriva dall&#8217;espressione&nbsp;wiki wiki&nbsp;(\u201cmolto veloce\u201d nella lingua hawaiana), indica un modo rapido per scrivere a pi\u00f9 mani un testo utilizzando un browser. Questa applicazione consente di&nbsp;produrre e modificare documenti all&#8217;interno di siti web in modo collaborativo. Due o pi\u00f9 utenti possono lavorare contemporaneamente, dalle proprie postazioni, all&#8217;elaborazione di file comuni e i&hellip;&nbsp;<a href=\"https:\/\/universitysocialteaching.uniurb.it\/index.php\/wiki\/\" class=\"\" rel=\"bookmark\">Leggi tutto &raquo;<span class=\"screen-reader-text\">Wiki<\/span><\/a><\/p>\n","protected":false},"author":1,"featured_media":0,"parent":0,"menu_order":0,"comment_status":"closed","ping_status":"closed","template":"","meta":{"neve_meta_sidebar":"full-width","neve_meta_container":"","neve_meta_enable_content_width":"on","neve_meta_content_width":100,"neve_meta_title_alignment":"","neve_meta_author_avatar":"","neve_post_elements_order":"","neve_meta_disable_header":"","neve_meta_disable_footer":"","neve_meta_disable_title":"","footnotes":""},"class_list":["post-95","page","type-page","status-publish","hentry"],"_links":{"self":[{"href":"https:\/\/universitysocialteaching.uniurb.it\/index.php\/wp-json\/wp\/v2\/pages\/95","targetHints":{"allow":["GET"]}}],"collection":[{"href":"https:\/\/universitysocialteaching.uniurb.it\/index.php\/wp-json\/wp\/v2\/pages"}],"about":[{"href":"https:\/\/universitysocialteaching.uniurb.it\/index.php\/wp-json\/wp\/v2\/types\/page"}],"author":[{"embeddable":true,"href":"https:\/\/universitysocialteaching.uniurb.it\/index.php\/wp-json\/wp\/v2\/users\/1"}],"replies":[{"embeddable":true,"href":"https:\/\/universitysocialteaching.uniurb.it\/index.php\/wp-json\/wp\/v2\/comments?post=95"}],"version-history":[{"count":2,"href":"https:\/\/universitysocialteaching.uniurb.it\/index.php\/wp-json\/wp\/v2\/pages\/95\/revisions"}],"predecessor-version":[{"id":130,"href":"https:\/\/universitysocialteaching.uniurb.it\/index.php\/wp-json\/wp\/v2\/pages\/95\/revisions\/130"}],"wp:attachment":[{"href":"https:\/\/universitysocialteaching.uniurb.it\/index.php\/wp-json\/wp\/v2\/media?parent=95"}],"curies":[{"name":"wp","href":"https:\/\/api.w.org\/{rel}","templated":true}]}}