{"id":99,"date":"2021-01-27T09:08:59","date_gmt":"2021-01-27T09:08:59","guid":{"rendered":"https:\/\/universitysocialteaching.uniurb.it\/?page_id=99"},"modified":"2021-01-27T09:08:59","modified_gmt":"2021-01-27T09:08:59","slug":"quiz-e-sondaggi","status":"publish","type":"page","link":"https:\/\/universitysocialteaching.uniurb.it\/index.php\/quiz-e-sondaggi\/","title":{"rendered":"Quiz e sondaggi"},"content":{"rendered":"\n<p id=\"h.p_wKZODpBzu5Pa\">L\u2019attivit\u00e0 denominata \u2018<strong>Quiz<\/strong>\u2019 pu\u00f2 aiutare moltissimo il docente nella formulazione di&nbsp;<strong>test oggettivi<\/strong>&nbsp;con domande a scelta multipla, vero\/falso, trascinamento su testo o immagine, a risposta breve (nel caso in cui si limiti il numero di caratteri e la correzione avvenga tramite confronto con un modello di risposta che pu\u00f2 anche contenere caratteri jolly) oppure di&nbsp;<strong>prove soggettive<\/strong>&nbsp;con domande a risposta aperta (l\u2019opzione denominata \u2018componimento\u2019) soggette alla valutazione dell\u2019insegnante.<\/p>\n\n\n\n<p id=\"h.p_HRcJUPRX_He9\">Le domande inoltre, una volta create, possono essere conservate in un archivio apposito per il riutilizzo futuro. Allo studente pu\u00f2 essere concesso uno solo o pi\u00f9 tentativi e l\u2019ordine delle domande pu\u00f2 restare identico o venire cambiato in maniera casuale, in un tempo massimo di svolgimento che pu\u00f2 essere prestabilito dal docente. Varia anche il tipo di correzione del quiz oggettivo che pu\u00f2 consistere nel mostrare le risposte esatte, fornire eventuali suggerimenti o ulteriori feedback. Il&nbsp;<strong>feedback del docente<\/strong>&nbsp;pu\u00f2 essere immediato, dopo ciascuna domanda, o differito ed esiste anche la possibilit\u00e0 di fornire un commento finale collegato al punteggio totalizzato dallo studente. La valutazione in questo caso sar\u00e0 automatica e memorizzata in piattaforma nel registro valutatore, mentre per le risposte aperte il docente dovr\u00e0 intervenire per la correzione ed inserire la valutazione manualmente.<\/p>\n\n\n\n<p id=\"h.p_-1k3Avdx_He-\">L\u2019attivit\u00e0 \u2018Quiz\u2019 pu\u00f2 venire utilizzata per fare una simulazione dell\u2019esame finale (<em>mock test<\/em>) e fornire agli studenti un prezioso strumento per auto valutare la propria preparazione o per verifiche formative su parti del programma o, se il docente intende testare una conoscenza di tipo dichiarativo (sapere che\u2026), anche per l\u2019esame ufficiale di fine corso. Naturalmente esistono limiti e vantaggi: i vantaggi riguardano la&nbsp;<strong>possibilit\u00e0 di predisporre nel tempo un archivio di domande e risposte<\/strong>&nbsp;dal quale attingere in modo casuale o mirato nel corso degli anni e di poter ricorrere a una correzione automatica, preziosa con numeri molto alti di studenti; il limite \u00e8 quello di doversi affidare a test oggettivi che per vari insegnamenti non si prestano affatto ad una verifica e successiva valutazione del tipo d\u2019apprendimento richiesto, spesso composto non solo di informazioni e conoscenze nozionistiche ma anche di abilit\u00e0 (sapere come\u2026) e di competenze (compiti aperti e complessi calati in situazioni autentiche).<\/p>\n\n\n\n<p id=\"h.p_6zDZBaPfABtd\">Infine, per formulare un&nbsp;<strong>sondaggio<\/strong>, utile per richiamare l\u2019attenzione dei partecipanti su un particolare argomento che si sta trattando o per fare una rapida ricognizione sul grado di comprensione della classe virtuale in un determinato momento della lezione, si pu\u00f2 ricorrere all&#8217;attivit\u00e0 di \u2018scelta\u2019. Questa stessa attivit\u00e0 pu\u00f2 anche essere usata per controllare la qualit\u00e0 della connessione e verificare in modo veloce e immediato quanti studenti stanno seguendo la lezione senza problemi tecnici e quanti invece hanno bisogno di attenzione.<\/p>\n\n\n\n<p id=\"h.p_bVQmzk_hADwq\">Si tratta di un\u2019opzione che consente al docente di&nbsp;<strong>formulare una domanda offrendo una serie di alternative<\/strong>&nbsp;che lo studente dovr\u00e0 scegliere. Le risposte potranno essere pubblicate immediatamente (o in un secondo momento) in forma anonima o con il nome dell\u2019autore accanto alla scelta. Il sondaggio potrebbe anche riguardare lo svolgimento del corso e richiedere agli studenti di votare i temi di maggiore o minore interesse, o consentire loro di suggerire possibili sviluppi del programma. In questo caso l\u2019indagine potrebbe rimanere attiva per un periodo pi\u00f9 lungo e i risultati potrebbero anche restare in forma privata in modo che solo il docente possa fruirne.<\/p>\n\n\n\n<p id=\"h.p_sYwmgcSXAD-S\">Per un\u00a0<strong>giudizio finale sul corso da parte dei partecipanti<\/strong>\u00a0tuttavia \u00e8 forse pi\u00f9 efficace l\u2019utilizzo dell\u2019attivit\u00e0 \u2018<strong>Feedback<\/strong>\u2019 che consente una maggior libert\u00e0 nella formulazione del testo delle domande (che possono essere di vari tipi: scelta multipla, s\u00ec\/no, a risposta libera ecc.) e che permette la compilazione anche ad utenti non autenticati.<\/p>\n\n\n\n<h3 class=\"wp-block-heading\">Tutorial: quiz (parte 1\/3)<\/h3>\n\n\n\n<figure class=\"wp-block-embed is-type-video is-provider-youtube wp-block-embed-youtube wp-embed-aspect-16-9 wp-has-aspect-ratio\"><div class=\"wp-block-embed__wrapper\">\n<div class=\"nv-iframe-embed\"><iframe loading=\"lazy\" title=\"Videotutorial Moodle UniUrb - Creazione di quiz (parte 1\/3)\" width=\"1200\" height=\"675\" src=\"https:\/\/www.youtube.com\/embed\/jEgZD-pcShs?feature=oembed\" frameborder=\"0\" allow=\"accelerometer; autoplay; clipboard-write; encrypted-media; gyroscope; picture-in-picture\" allowfullscreen><\/iframe><\/div>\n<\/div><\/figure>\n\n\n\n<h3 class=\"wp-block-heading\">Tutorial: quiz (parte 2\/3)<\/h3>\n\n\n\n<figure class=\"wp-block-embed is-type-video is-provider-youtube wp-block-embed-youtube wp-embed-aspect-16-9 wp-has-aspect-ratio\"><div class=\"wp-block-embed__wrapper\">\n<div class=\"nv-iframe-embed\"><iframe loading=\"lazy\" title=\"Videotutorial Moodle UniUrb - Creazione di quiz (parte 2\/3)\" width=\"1200\" height=\"675\" src=\"https:\/\/www.youtube.com\/embed\/5BSHry22Fsc?feature=oembed\" frameborder=\"0\" allow=\"accelerometer; autoplay; clipboard-write; encrypted-media; gyroscope; picture-in-picture\" allowfullscreen><\/iframe><\/div>\n<\/div><\/figure>\n\n\n\n<h3 class=\"wp-block-heading\">Tutorial: quiz (parte 3\/3)<\/h3>\n\n\n\n<figure class=\"wp-block-embed is-type-video is-provider-youtube wp-block-embed-youtube wp-embed-aspect-16-9 wp-has-aspect-ratio\"><div class=\"wp-block-embed__wrapper\">\n<div class=\"nv-iframe-embed\"><iframe loading=\"lazy\" title=\"Videotutorial Moodle UniUrb - Creazione di quiz (parte 3\/3)\" width=\"1200\" height=\"675\" src=\"https:\/\/www.youtube.com\/embed\/KzD8EAaST1Q?feature=oembed\" frameborder=\"0\" allow=\"accelerometer; autoplay; clipboard-write; encrypted-media; gyroscope; picture-in-picture\" allowfullscreen><\/iframe><\/div>\n<\/div><\/figure>\n","protected":false},"excerpt":{"rendered":"<p>L\u2019attivit\u00e0 denominata \u2018Quiz\u2019 pu\u00f2 aiutare moltissimo il docente nella formulazione di&nbsp;test oggettivi&nbsp;con domande a scelta multipla, vero\/falso, trascinamento su testo o immagine, a risposta breve (nel caso in cui si limiti il numero di caratteri e la correzione avvenga tramite confronto con un modello di risposta che pu\u00f2 anche contenere caratteri jolly) oppure di&nbsp;prove soggettive&nbsp;con&hellip;&nbsp;<a href=\"https:\/\/universitysocialteaching.uniurb.it\/index.php\/quiz-e-sondaggi\/\" class=\"\" rel=\"bookmark\">Leggi tutto &raquo;<span class=\"screen-reader-text\">Quiz e sondaggi<\/span><\/a><\/p>\n","protected":false},"author":1,"featured_media":0,"parent":0,"menu_order":0,"comment_status":"closed","ping_status":"closed","template":"","meta":{"neve_meta_sidebar":"full-width","neve_meta_container":"","neve_meta_enable_content_width":"on","neve_meta_content_width":100,"neve_meta_title_alignment":"","neve_meta_author_avatar":"","neve_post_elements_order":"","neve_meta_disable_header":"","neve_meta_disable_footer":"","neve_meta_disable_title":"","footnotes":""},"class_list":["post-99","page","type-page","status-publish","hentry"],"_links":{"self":[{"href":"https:\/\/universitysocialteaching.uniurb.it\/index.php\/wp-json\/wp\/v2\/pages\/99","targetHints":{"allow":["GET"]}}],"collection":[{"href":"https:\/\/universitysocialteaching.uniurb.it\/index.php\/wp-json\/wp\/v2\/pages"}],"about":[{"href":"https:\/\/universitysocialteaching.uniurb.it\/index.php\/wp-json\/wp\/v2\/types\/page"}],"author":[{"embeddable":true,"href":"https:\/\/universitysocialteaching.uniurb.it\/index.php\/wp-json\/wp\/v2\/users\/1"}],"replies":[{"embeddable":true,"href":"https:\/\/universitysocialteaching.uniurb.it\/index.php\/wp-json\/wp\/v2\/comments?post=99"}],"version-history":[{"count":1,"href":"https:\/\/universitysocialteaching.uniurb.it\/index.php\/wp-json\/wp\/v2\/pages\/99\/revisions"}],"predecessor-version":[{"id":100,"href":"https:\/\/universitysocialteaching.uniurb.it\/index.php\/wp-json\/wp\/v2\/pages\/99\/revisions\/100"}],"wp:attachment":[{"href":"https:\/\/universitysocialteaching.uniurb.it\/index.php\/wp-json\/wp\/v2\/media?parent=99"}],"curies":[{"name":"wp","href":"https:\/\/api.w.org\/{rel}","templated":true}]}}